{"id":6,"date":"2018-02-03T16:32:48","date_gmt":"2018-02-03T13:32:48","guid":{"rendered":"http:\/\/proens.com.tr\/en\/?page_id=6"},"modified":"2025-10-30T06:17:41","modified_gmt":"2025-10-30T03:17:41","slug":"ana-sayfa","status":"publish","type":"page","link":"https:\/\/proens.com.tr\/en\/","title":{"rendered":"Home"},"content":{"rendered":"<p><div class=\"fusion-fullwidth fullwidth-box fusion-builder-row-1 nonhundred-percent-fullwidth non-hundred-percent-height-scrolling\" style=\"background-color: rgba(255,255,255,0);background-position: center center;background-repeat: no-repeat;padding-top:0px;padding-right:0px;padding-bottom:0px;padding-left:0px;margin-bottom: -60px;margin-top: 0px;border-width: 0px 0px 0px 0px;border-color:#eae9e9;border-style:solid;\" ><div class=\"fusion-builder-row fusion-row\"><div class=\"fusion-layout-column fusion_builder_column fusion-builder-column-0 fusion_builder_column_1_1 1_1 fusion-one-full fusion-column-first fusion-column-last\" style=\"margin-top:0px;margin-bottom:20px;\"><div class=\"fusion-column-wrapper fusion-flex-column-wrapper-legacy\" style=\"background-position:left top;background-repeat:no-repeat;-webkit-background-size:cover;-moz-background-size:cover;-o-background-size:cover;background-size:cover;padding: 0px 0px 0px 0px;\"><div class=\"fusion-recent-posts fusion-recent-posts-1 avada-container layout-thumbnails-on-side layout-columns-3 fusion-no-small-visibility\"><section class=\"fusion-columns columns fusion-columns-3 columns-3\"><article class=\"post fusion-column column col col-lg-4 col-md-4 col-sm-4\"><div class=\"recent-posts-content\"><span class=\"vcard\" style=\"display: none;\"><span class=\"fn\"><a href=\"https:\/\/proens.com.tr\/en\/author\/admin\/\" title=\"Posts by admin\" rel=\"author\">admin<\/a><\/span><\/span><span class=\"updated\" style=\"display:none;\">2020-05-31T14:58:46+03:00<\/span><h4 class=\"entry-title\"><a href=\"https:\/\/proens.com.tr\/en\/yeni-urun\/\">New Product<\/a><\/h4><p class=\"meta\"><span class=\"vcard\" style=\"display: none;\"><span class=\"fn\"><a href=\"https:\/\/proens.com.tr\/en\/author\/admin\/\" title=\"Posts by admin\" rel=\"author\">admin<\/a><\/span><\/span><span class=\"updated\" style=\"display:none;\">2020-05-31T14:58:46+03:00<\/span><span>February 3rd, 2018<\/span><span class=\"fusion-inline-sep\">|<\/span><\/p><p>The design and testing of our BCS1000 series rectifier has been completed.<\/p><\/div><\/article><article class=\"post fusion-column column col col-lg-4 col-md-4 col-sm-4\"><div class=\"fusion-flexslider fusion-flexslider-loading flexslider floated-slideshow flexslider-hover-type-none\"><ul class=\"slides\"><li><a href=\"https:\/\/proens.com.tr\/en\/sitemiz-yayinda\/\" aria-label=\"Website is Online!\" class=\"hover-type-none\"><img decoding=\"async\" width=\"177\" height=\"142\" src=\"https:\/\/proens.com.tr\/en\/wp-content\/uploads\/2018\/02\/site_kurulum_haber-177x142.jpg\" class=\"attachment-portfolio-five size-portfolio-five\" alt=\"\" \/><\/a><\/li><\/ul><\/div><div class=\"recent-posts-content\"><span class=\"vcard\" style=\"display: none;\"><span class=\"fn\"><a href=\"https:\/\/proens.com.tr\/en\/author\/admin\/\" title=\"Posts by admin\" rel=\"author\">admin<\/a><\/span><\/span><span class=\"updated\" style=\"display:none;\">2020-05-31T15:00:04+03:00<\/span><h4 class=\"entry-title\"><a href=\"https:\/\/proens.com.tr\/en\/sitemiz-yayinda\/\">Website is Online!<\/a><\/h4><p class=\"meta\"><span class=\"vcard\" style=\"display: none;\"><span class=\"fn\"><a href=\"https:\/\/proens.com.tr\/en\/author\/admin\/\" title=\"Posts by admin\" rel=\"author\">admin<\/a><\/span><\/span><span class=\"updated\" style=\"display:none;\">2020-05-31T15:00:04+03:00<\/span><span>February 3rd, 2018<\/span><span class=\"fusion-inline-sep\">|<\/span><\/p><p>Our website is online.<\/p><\/div><\/article><\/section><\/div><div class=\"fusion-clearfix\"><\/div><\/div><\/div><\/div><\/div><div class=\"fusion-fullwidth fullwidth-box fusion-builder-row-2 nonhundred-percent-fullwidth non-hundred-percent-height-scrolling\" style=\"background-color: rgba(255,255,255,0);background-position: center center;background-repeat: no-repeat;padding-top:0px;padding-right:0px;padding-bottom:0px;padding-left:0px;margin-bottom: 0px;margin-top: 0px;border-width: 0px 0px 0px 0px;border-color:#eae9e9;border-style:solid;\" ><div class=\"fusion-builder-row fusion-row\"><div class=\"fusion-layout-column fusion_builder_column fusion-builder-column-1 fusion_builder_column_1_2 1_2 fusion-one-half fusion-column-first\" style=\"width:50%;width:calc(50% - ( ( 4% ) * 0.5 ) );margin-right: 4%;margin-top:0px;margin-bottom:20px;\"><div class=\"fusion-column-wrapper fusion-flex-column-wrapper-legacy\" style=\"background-position:left top;background-repeat:no-repeat;-webkit-background-size:cover;-moz-background-size:cover;-o-background-size:cover;background-size:cover;padding: 0px 0px 0px 0px;\"><div class=\"fusion-text fusion-text-1\"><p>Contact<\/p>\n<\/div><div class=\"fusion-text fusion-text-2\"><p style=\"text-align: center;\">PROENS ELEKTR\u0130K ELEKTRON\u0130K \u0130N\u015eAAT TAAHH\u00dcT B\u0130LG\u0130<br \/>\nTEKNOLOJ\u0130LER\u0130 SAN.VE.T\u0130C.LTD.\u015eT\u0130<\/p>\n<\/div><div class=\"fusion-sep-clear\"><\/div><div class=\"fusion-separator fusion-full-width-sep\" style=\"margin-left: auto;margin-right: auto;width:100%;\"><div class=\"fusion-separator-border sep-double\" style=\"border-color:#e0dede;border-top-width:1px;border-bottom-width:1px;\"><\/div><\/div><div class=\"fusion-sep-clear\"><\/div><ul class=\"fusion-checklist fusion-checklist-1\" style=\"font-size:13px;line-height:22.1px;\"><li class=\"fusion-li-item\"><span style=\"background-color:#93d31d;font-size:11.44px;height:22.1px;width:22.1px;margin-right:9.1px;\" class=\"icon-wrapper circle-yes\"><i class=\"fusion-li-icon fa fa-check\" style=\"color:#ffffff;\" aria-hidden=\"true\"><\/i><\/span><div class=\"fusion-li-item-content\" style=\"margin-left:31.2px;\">\n<p>Adress: Ivedik Organize Sanayi Bolgesi 1551 St. YapiPark No:35\/42 Yenimahalle\/Ankara\/T\u00dcRK\u0130YE<\/p>\n<\/div><\/li><li class=\"fusion-li-item\"><span style=\"background-color:#93d31d;font-size:11.44px;height:22.1px;width:22.1px;margin-right:9.1px;\" class=\"icon-wrapper circle-yes\"><i class=\"fusion-li-icon fa fa-check\" style=\"color:#ffffff;\" aria-hidden=\"true\"><\/i><\/span><div class=\"fusion-li-item-content\" style=\"margin-left:31.2px;\">\n<p>Tel: 0312 395 98 19<\/p>\n<\/div><\/li><li class=\"fusion-li-item\"><span style=\"background-color:#93d31d;font-size:11.44px;height:22.1px;width:22.1px;margin-right:9.1px;\" class=\"icon-wrapper circle-yes\"><i class=\"fusion-li-icon fa fa-check\" style=\"color:#ffffff;\" aria-hidden=\"true\"><\/i><\/span><div class=\"fusion-li-item-content\" style=\"margin-left:31.2px;\">\n<p>Fax: 0312 395 98 20<\/p>\n<\/div><\/li><li class=\"fusion-li-item\"><span style=\"background-color:#93d31d;font-size:11.44px;height:22.1px;width:22.1px;margin-right:9.1px;\" class=\"icon-wrapper circle-yes\"><i class=\"fusion-li-icon fa fa-check\" style=\"color:#ffffff;\" aria-hidden=\"true\"><\/i><\/span><div class=\"fusion-li-item-content\" style=\"margin-left:31.2px;\">\n<p>Mail: info@proens.com.tr<\/p>\n<\/div><\/li><li class=\"fusion-li-item\"><span style=\"background-color:#93d31d;font-size:11.44px;height:22.1px;width:22.1px;margin-right:9.1px;\" class=\"icon-wrapper circle-yes\"><i class=\"fusion-li-icon fa fa-check\" style=\"color:#ffffff;\" aria-hidden=\"true\"><\/i><\/span><div class=\"fusion-li-item-content\" style=\"margin-left:31.2px;\">\n<p>Web: www.proens.com.tr<\/p>\n<\/div><\/li><\/ul><div class=\"fusion-clearfix\"><\/div><\/div><\/div><div class=\"fusion-layout-column fusion_builder_column fusion-builder-column-2 fusion_builder_column_1_2 1_2 fusion-one-half fusion-column-last\" style=\"width:50%;width:calc(50% - ( ( 4% ) * 0.5 ) );margin-top:0px;margin-bottom:20px;\"><div class=\"fusion-column-wrapper fusion-flex-column-wrapper-legacy\" style=\"background-position:left top;background-repeat:no-repeat;-webkit-background-size:cover;-moz-background-size:cover;-o-background-size:cover;background-size:cover;padding: 0px 0px 0px 0px;\"><div class=\"fusion-text fusion-text-3\"><p>Our Address<\/p>\n<\/div>\t\t\t\t\t<script type=\"text\/javascript\">\n\t\t\t\t\t\tvar map_fusion_map_6a0472b7a2a6e;\n\t\t\t\t\t\tvar markers = [];\n\t\t\t\t\t\tvar counter = 0;\n\t\t\t\t\t\t\t\t\t\t\t\t\t\t\t\t\t\t\t\tvar fusionMapNonce = '4266e17fb7';\n\t\t\t\t\t\t\t\t\t\t\t\tfunction fusion_run_map_fusion_map_6a0472b7a2a6e() {\n\t\t\t\t\t\t\tjQuery('#fusion_map_6a0472b7a2a6e').fusion_maps({\n\t\t\t\t\t\t\t\taddresses: [{\"address\":\"\\u0130vedik OSB 1551 Sk No:35\\\/42 Yenimahalle\\\/Ankara\",\"infobox_content\":\"\\u0130vedik OSB 1551 Sk No:35\\\/42 Yenimahalle\\\/Ankara\",\"coordinates\":false,\"cache\":true,\"latitude\":\"40.0002424\",\"longitude\":\"32.7595244\"}],\n\t\t\t\t\t\t\t\tanimations: false,\n\t\t\t\t\t\t\t\tinfobox_background_color: '',\n\t\t\t\t\t\t\t\tinfobox_styling: 'default',\n\t\t\t\t\t\t\t\tinfobox_text_color: '',\n\t\t\t\t\t\t\t\tmap_style: 'default',\n\t\t\t\t\t\t\t\tmap_type: 'roadmap',\n\t\t\t\t\t\t\t\tmarker_icon: '',\n\t\t\t\t\t\t\t\toverlay_color: '',\n\t\t\t\t\t\t\t\toverlay_color_hsl: {\"hue\":0,\"sat\":0,\"lum\":100},\n\t\t\t\t\t\t\t\tpan_control: true,\n\t\t\t\t\t\t\t\tshow_address: true,\n\t\t\t\t\t\t\t\tscale_control: true,\n\t\t\t\t\t\t\t\tscrollwheel: true,\n\t\t\t\t\t\t\t\tzoom: 14,\n\t\t\t\t\t\t\t\tzoom_control: true,\n\t\t\t\t\t\t\t});\n\t\t\t\t\t\t}\n\n\t\t\t\t\t\tgoogle.maps.event.addDomListener(window, 'load', fusion_run_map_fusion_map_6a0472b7a2a6e);\n\t\t\t\t\t<\/script>\n\t\t\t\t\t<div class=\"shortcode-map fusion-google-map fusion-maps-js-type\" id=\"fusion_map_6a0472b7a2a6e\" style=\"height:300px;width:100%;\"><\/div><div class=\"fusion-clearfix\"><\/div><\/div><\/div><\/div><\/div><\/p>\n","protected":false},"excerpt":{"rendered":"","protected":false},"author":2,"featured_media":0,"parent":0,"menu_order":0,"comment_status":"closed","ping_status":"closed","template":"","meta":{"footnotes":""},"class_list":["post-6","page","type-page","status-publish","hentry"],"_links":{"self":[{"href":"https:\/\/proens.com.tr\/en\/wp-json\/wp\/v2\/pages\/6","targetHints":{"allow":["GET"]}}],"collection":[{"href":"https:\/\/proens.com.tr\/en\/wp-json\/wp\/v2\/pages"}],"about":[{"href":"https:\/\/proens.com.tr\/en\/wp-json\/wp\/v2\/types\/page"}],"author":[{"embeddable":true,"href":"https:\/\/proens.com.tr\/en\/wp-json\/wp\/v2\/users\/2"}],"replies":[{"embeddable":true,"href":"https:\/\/proens.com.tr\/en\/wp-json\/wp\/v2\/comments?post=6"}],"version-history":[{"count":20,"href":"https:\/\/proens.com.tr\/en\/wp-json\/wp\/v2\/pages\/6\/revisions"}],"predecessor-version":[{"id":266,"href":"https:\/\/proens.com.tr\/en\/wp-json\/wp\/v2\/pages\/6\/revisions\/266"}],"wp:attachment":[{"href":"https:\/\/proens.com.tr\/en\/wp-json\/wp\/v2\/media?parent=6"}],"curies":[{"name":"wp","href":"https:\/\/api.w.org\/{rel}","templated":true}]}}